{"id":4931,"date":"2024-08-05T07:26:28","date_gmt":"2024-08-05T07:26:28","guid":{"rendered":"https:\/\/www.belgianquoband.be\/hello\/biografie\/"},"modified":"2024-11-20T23:57:21","modified_gmt":"2024-11-20T21:57:21","slug":"biografia","status":"publish","type":"page","link":"https:\/\/www.belgianquoband.be\/es\/biografia\/","title":{"rendered":"Biografia"},"content":{"rendered":"<section class=\"wpb-content-wrapper\">[vc_row full_height=\u00bbyes\u00bb row_content_width=\u00bbgrid\u00bb content_text_aligment=\u00bbleft\u00bb css=\u00bb.vc_custom_1724109241221{padding-top: 110px !important;padding-bottom: 114px !important;}\u00bb][vc_column offset=\u00bbvc_col-lg-12 vc_col-md-12&#8243;]<div class=\"edge-elements-holder   edge-one-column  edge-responsive-mode-768 \" ><div class=\"edge-eh-item    \"  data-item-class=\"edge-eh-custom-5946\" data-1366-1600=\"72px 18% 0px 82px\" data-1024-1366=\"50px 0% 0px 0px\" data-768-1024=\"72px 0% 30px 0px\" data-680-768=\"65px 0px 0px\" data-680=\"70px 0px 6px\">\n\t<div class=\"edge-eh-item-inner\">\n\t\t<div class=\"edge-eh-item-content edge-eh-custom-5946\" style=\"padding: 72px 29% 0px 0px\">\n\t\t\t<div class=\"edge-section-title-holder  edge-st-standard edge-st-title-left edge-st-normal-space \" >\n\t<div class=\"edge-st-inner\">\n\t\t\t\t\t<h3 class=\"edge-st-title\" style=\"color: #0a0a0a\">\n\t\t\t\tBiografie\t\t\t<\/h3>\n\t\t\t\t\t<\/div>\n<\/div>[vc_empty_space height=\u00bb27px\u00bb][vc_column_text]\r\n\r\n<img loading=\"lazy\" decoding=\"async\" class=\"size-medium wp-image-4845 alignleft\" src=\"https:\/\/www.belgianquoband.be\/hello\/wp-content\/uploads\/2024\/08\/Eeerste-optreden-Belgian-Quo-Band-300x199.jpg\" alt=\"\" width=\"300\" height=\"199\" srcset=\"https:\/\/www.belgianquoband.be\/wp-content\/uploads\/2024\/08\/Eeerste-optreden-Belgian-Quo-Band-300x199.jpg 300w, https:\/\/www.belgianquoband.be\/wp-content\/uploads\/2024\/08\/Eeerste-optreden-Belgian-Quo-Band-768x510.jpg 768w, https:\/\/www.belgianquoband.be\/wp-content\/uploads\/2024\/08\/Eeerste-optreden-Belgian-Quo-Band.jpg 960w\" sizes=\"auto, (max-width: 300px) 100vw, 300px\" \/>\r\n\r\nLa Belgian Quo Band (BQB) se fund\u00f3 en el verano de 2007, inspirada por un concierto de Status Quo. Frank Vandaele y su hijo Erwin comenzaron a formar una banda tributo. Despu\u00e9s de intensos ensayos y la incorporaci\u00f3n de nuevos m\u00fasicos, como el bajista Lieven, BQB dio sus primeros conciertos.\r\n\r\nEn los primeros a\u00f1os, el enfoque estaba en interpretar canciones de Status Quo, pero a partir de 2010, la banda evolucion\u00f3 hacia una experiencia tributo completa, con una puesta en escena t\u00edpica y visualizaci\u00f3n. En 2011, BQB comenz\u00f3 a destacar realmente con el lanzamiento de su primer DVD y varias actuaciones en eventos.\r\n<div id=\"attachment_1941\" class=\"wp-caption alignleft\"><\/div>\r\n&nbsp;\r\n\r\n&nbsp;\r\n\r\n<img loading=\"lazy\" decoding=\"async\" class=\"size-medium wp-image-4847 alignright\" src=\"https:\/\/www.belgianquoband.be\/hello\/wp-content\/uploads\/2024\/08\/backline-BQB-2-300x225.jpg\" alt=\"\" width=\"300\" height=\"225\" srcset=\"https:\/\/www.belgianquoband.be\/wp-content\/uploads\/2024\/08\/backline-BQB-2-300x225.jpg 300w, https:\/\/www.belgianquoband.be\/wp-content\/uploads\/2024\/08\/backline-BQB-2-768x576.jpg 768w, https:\/\/www.belgianquoband.be\/wp-content\/uploads\/2024\/08\/backline-BQB-2.jpg 960w\" sizes=\"auto, (max-width: 300px) 100vw, 300px\" \/>\r\n\r\nHubo un primer cambio en la formaci\u00f3n y, a partir de ese momento, Wesley Jaques se hizo cargo de la bater\u00eda.\r\n\r\nLa banda ampli\u00f3 su alcance a los Pa\u00edses Bajos y Alemania, y empez\u00f3 a recibir cada vez m\u00e1s atenci\u00f3n medi\u00e1tica. \u00a12014 fue un a\u00f1o absolutamente incre\u00edble! Durante los Gentse Feesten, la banda intent\u00f3 batir un r\u00e9cord mundial tocando la guitarra imaginaria con la mayor cantidad de personas posible al mismo tiempo.\r\n\r\nEn ese mismo a\u00f1o, cuando Status Quo tuvo que cancelar varios conciertos debido a la enfermedad de Rick Parfitt, \u00a1la Belgian Quo Band tuvo la oportunidad de hacer un concierto de reemplazo para ellos en Alemania!\r\n\r\n&nbsp;\r\n\r\n&nbsp;\r\n\r\n&nbsp;\r\n\r\n<img loading=\"lazy\" decoding=\"async\" class=\"size-full wp-image-4851 alignright\" src=\"https:\/\/www.belgianquoband.be\/hello\/wp-content\/uploads\/2024\/08\/Rock-til-you-drop-Belgian-Quo-Band.jpg\" alt=\"\" width=\"604\" height=\"217\" srcset=\"https:\/\/www.belgianquoband.be\/wp-content\/uploads\/2024\/08\/Rock-til-you-drop-Belgian-Quo-Band.jpg 604w, https:\/\/www.belgianquoband.be\/wp-content\/uploads\/2024\/08\/Rock-til-you-drop-Belgian-Quo-Band-300x108.jpg 300w\" sizes=\"auto, (max-width: 604px) 100vw, 604px\" \/>\r\n\r\nEn los a\u00f1os siguientes, la banda continu\u00f3 creciendo, con momentos destacados como el verdadero evento \u00abRock Till You Drop\u00bb: 4 conciertos en 12 horas, en 4 lugares diferentes de toda Flandes.\r\n\r\nLa banda viaj\u00f3 en un aut\u00e9ntico autob\u00fas de gira de artistas, limusina e incluso en helic\u00f3ptero para llevar a cabo este gran logro.\r\n\r\nA finales de 2016, fueron invitados a dar un concierto en Mali. Durante una misi\u00f3n militar europea, la banda fue el acto sorpresa para la v\u00edspera de A\u00f1o Nuevo.\r\n\r\n&nbsp;\r\n\r\nEn 2018, la banda hizo una pausa, pero en 2019, con dos nuevos miembros, Rik Michels y Geert Callens, reanudaron sus actividades.\r\n\r\nEn los \u00faltimos a\u00f1os, la excelente reputaci\u00f3n en vivo de la banda ha seguido creciendo, y han tocado en numerosos festivales nacionales e internacionales.\r\n\r\nEn 2022, BQB celebr\u00f3 su 15\u00ba aniversario, y el cielo realmente parec\u00eda ser el l\u00edmite: durante una actuaci\u00f3n en la reuni\u00f3n de fans de Status Quo en Inglaterra, la banda se sorprendi\u00f3 al recibir a Leon Cave, el aut\u00e9ntico bater\u00eda de Status Quo, como m\u00fasico invitado. \u00a1Hasta el d\u00eda de hoy, la banda toca varias veces al a\u00f1o junto a Leon Cave y al guitarrista Richie Malone como invitados especiales!\r\n\r\nLa banda ha tocado en m\u00e1s de 12 pa\u00edses diferentes y tambi\u00e9n ha participado en festivales como Alcatraz y Graspop.\r\n\r\nLa banda est\u00e1 oficialmente reconocida por Status Quo, con un enlace a su sitio web.\r\n\r\nLa Belgian Quo Band sigue siendo una m\u00e1quina energ\u00e9tica y bien engrasada que siempre crea un ambiente festivo para sus numerosos fans, la Quo Family.\r\n\r\n\r\n\r\n&nbsp;\r\n\r\n<img loading=\"lazy\" decoding=\"async\" class=\"alignnone size-full wp-image-4853\" src=\"https:\/\/www.belgianquoband.be\/hello\/wp-content\/uploads\/2024\/08\/Belgian-Quo-Band-tirbute.jpg\" alt=\"\" width=\"640\" height=\"427\" srcset=\"https:\/\/www.belgianquoband.be\/wp-content\/uploads\/2024\/08\/Belgian-Quo-Band-tirbute.jpg 640w, https:\/\/www.belgianquoband.be\/wp-content\/uploads\/2024\/08\/Belgian-Quo-Band-tirbute-300x200.jpg 300w\" sizes=\"auto, (max-width: 640px) 100vw, 640px\" \/>\r\n\r\n[\/vc_column_text][vc_empty_space height=\u00bb58px\u00bb]<a itemprop=\"url\" href=\"#\" target=\"_self\" style=\"color: #ffffff;border-color: #ffffff\" class=\"edge-btn edge-btn-medium edge-btn-outline edge-btn-custom-hover-bg edge-btn-custom-border-hover edge-btn-custom-hover-color\" data-hover-color=\"#130a02\" data-hover-bg-color=\"#ffffff\" data-hover-border-color=\"#ffffff\" >\n    <span class=\"edge-btn-text\">Find Out More<\/span>\n    <\/a>\t\t<\/div>\n\t<\/div>\n<\/div><\/div>[\/vc_column][\/vc_row]<\/section>","protected":false},"excerpt":{"rendered":"<p>[vc_row full_height=\u00bbyes\u00bb row_content_width=\u00bbgrid\u00bb content_text_aligment=\u00bbleft\u00bb css=\u00bb.vc_custom_1724109241221{padding-top: 110px !important;padding-bottom: 114px !important;}\u00bb][vc_column offset=\u00bbvc_col-lg-12 vc_col-md-12&#8243;][\/vc_column][\/vc_row]<\/p>\n","protected":false},"author":1,"featured_media":0,"parent":0,"menu_order":1,"comment_status":"closed","ping_status":"closed","template":"full-width.php","meta":{"footnotes":""},"class_list":["post-4931","page","type-page","status-publish","hentry"],"publishpress_future_action":{"enabled":false,"date":"2026-04-25 10:35:21","action":"change-status","newStatus":"draft","terms":[],"taxonomy":"translation_priority"},"publishpress_future_workflow_manual_trigger":{"enabledWorkflows":[]},"_links":{"self":[{"href":"https:\/\/www.belgianquoband.be\/es\/wp-json\/wp\/v2\/pages\/4931","targetHints":{"allow":["GET"]}}],"collection":[{"href":"https:\/\/www.belgianquoband.be\/es\/wp-json\/wp\/v2\/pages"}],"about":[{"href":"https:\/\/www.belgianquoband.be\/es\/wp-json\/wp\/v2\/types\/page"}],"author":[{"embeddable":true,"href":"https:\/\/www.belgianquoband.be\/es\/wp-json\/wp\/v2\/users\/1"}],"replies":[{"embeddable":true,"href":"https:\/\/www.belgianquoband.be\/es\/wp-json\/wp\/v2\/comments?post=4931"}],"version-history":[{"count":8,"href":"https:\/\/www.belgianquoband.be\/es\/wp-json\/wp\/v2\/pages\/4931\/revisions"}],"predecessor-version":[{"id":8980,"href":"https:\/\/www.belgianquoband.be\/es\/wp-json\/wp\/v2\/pages\/4931\/revisions\/8980"}],"wp:attachment":[{"href":"https:\/\/www.belgianquoband.be\/es\/wp-json\/wp\/v2\/media?parent=4931"}],"curies":[{"name":"wp","href":"https:\/\/api.w.org\/{rel}","templated":true}]}}